{"id":45,"date":"2024-07-31T11:51:38","date_gmt":"2024-07-31T11:51:38","guid":{"rendered":"https:\/\/demoapus1.com\/freeio\/?page_id=45"},"modified":"2026-04-21T20:18:03","modified_gmt":"2026-04-21T20:18:03","slug":"about-v1","status":"publish","type":"page","link":"https:\/\/aplataformadabanda.com\/pt\/about-v1\/","title":{"rendered":"Sobre"},"content":{"rendered":"<div data-elementor-type=\"wp-page\" data-elementor-id=\"45\" class=\"elementor elementor-45\">\n\t\t\t\t\t\t<section class=\"elementor-section elementor-top-section elementor-element elementor-element-158fd36 elementor-section-stretched elementor-section-height-min-height elementor-section-boxed elementor-section-height-default elementor-section-items-middle\" data-id=\"158fd36\" data-element_type=\"section\" data-settings=\"{&quot;stretch_section&quot;:&quot;section-stretched&quot;,&quot;background_background&quot;:&quot;classic&quot;}\">\n\t\t\t\t\t\t\t<div class=\"elementor-background-overlay\"><\/div>\n\t\t\t\t\t\t\t<div class=\"elementor-container elementor-column-gap-extended\">\n\t\t\t\t\t<div class=\"elementor-column elementor-col-100 elementor-top-column elementor-element elementor-element-54242cd elementor-invisible\" data-id=\"54242cd\" data-element_type=\"column\" data-settings=\"{&quot;animation&quot;:&quot;slide-up&quot;}\">\n\t\t\t<div class=\"elementor-widget-wrap elementor-element-populated\">\n\t\t\t\t\t\t<div class=\"elementor-element elementor-element-ee4efcf elementor-widget elementor-widget-heading\" data-id=\"ee4efcf\" data-element_type=\"widget\" data-widget_type=\"heading.default\">\n\t\t\t\t<div class=\"elementor-widget-container\">\n\t\t\t<h2 class=\"elementor-heading-title elementor-size-default\">Sobre n\u00f3s<\/h2>\t\t<\/div>\n\t\t\t\t<\/div>\n\t\t\t\t<div class=\"elementor-element elementor-element-9336d62 elementor-widget elementor-widget-text-editor\" data-id=\"9336d62\" data-element_type=\"widget\" data-widget_type=\"text-editor.default\">\n\t\t\t\t<div class=\"elementor-widget-container\">\n\t\t\t\t\t\t\t<p>Potencie os seus projectos com os melhores freelancers<\/p>\t\t\t\t\t\t<\/div>\n\t\t\t\t<\/div>\n\t\t\t\t\t<\/div>\n\t\t<\/div>\n\t\t\t\t\t<\/div>\n\t\t<\/section>\n\t\t\t\t<section class=\"elementor-section elementor-top-section elementor-element elementor-element-2780ca7 elementor-section-stretched elementor-section-boxed elementor-section-height-default elementor-section-height-default\" data-id=\"2780ca7\" data-element_type=\"section\" data-settings=\"{&quot;stretch_section&quot;:&quot;section-stretched&quot;}\">\n\t\t\t\t\t\t<div class=\"elementor-container elementor-column-gap-no\">\n\t\t\t\t\t<div class=\"elementor-column elementor-col-100 elementor-top-column elementor-element elementor-element-2616f1e\" data-id=\"2616f1e\" data-element_type=\"column\">\n\t\t\t<div class=\"elementor-widget-wrap elementor-element-populated\">\n\t\t\t\t\t\t<div class=\"elementor-element elementor-element-57c1998 elementor-widget elementor-widget-spacer\" data-id=\"57c1998\" data-element_type=\"widget\" data-widget_type=\"spacer.default\">\n\t\t\t\t<div class=\"elementor-widget-container\">\n\t\t\t\t\t<div class=\"elementor-spacer\">\n\t\t\t<div class=\"elementor-spacer-inner\"><\/div>\n\t\t<\/div>\n\t\t\t\t<\/div>\n\t\t\t\t<\/div>\n\t\t\t\t\t<\/div>\n\t\t<\/div>\n\t\t\t\t\t<\/div>\n\t\t<\/section>\n\t\t\t\t<section class=\"elementor-section elementor-top-section elementor-element elementor-element-2bcf442 elementor-section-stretched elementor-reverse-mobile elementor-section-boxed elementor-section-height-default elementor-section-height-default\" data-id=\"2bcf442\" data-element_type=\"section\" data-settings=\"{&quot;stretch_section&quot;:&quot;section-stretched&quot;,&quot;background_background&quot;:&quot;classic&quot;}\">\n\t\t\t\t\t\t\t<div class=\"elementor-background-overlay\"><\/div>\n\t\t\t\t\t\t\t<div class=\"elementor-container elementor-column-gap-extended\">\n\t\t\t\t\t<div class=\"elementor-column elementor-col-50 elementor-top-column elementor-element elementor-element-c396676 elementor-invisible\" data-id=\"c396676\" data-element_type=\"column\" data-settings=\"{&quot;background_background&quot;:&quot;classic&quot;,&quot;animation&quot;:&quot;slide-up&quot;}\">\n\t\t\t<div class=\"elementor-widget-wrap elementor-element-populated\">\n\t\t\t\t\t\t<div class=\"elementor-element elementor-element-d64cca7 elementor-widget__width-initial elementor-widget elementor-widget-heading\" data-id=\"d64cca7\" data-element_type=\"widget\" data-widget_type=\"heading.default\">\n\t\t\t\t<div class=\"elementor-widget-container\">\n\t\t\t<h2 class=\"elementor-heading-title elementor-size-default\">Porqu\u00ea escolher uma plataforma Adabanda?<\/h2>\t\t<\/div>\n\t\t\t\t<\/div>\n\t\t\t\t<div class=\"elementor-element elementor-element-ffa521d elementor-widget elementor-widget-text-editor\" data-id=\"ffa521d\" data-element_type=\"widget\" data-widget_type=\"text-editor.default\">\n\t\t\t\t<div class=\"elementor-widget-container\">\n\t\t\t\t\t\t\t<p>1. Diversidade de talentos<br \/>A nossa plataforma acolhe uma vasta gama de profissionais qualificados de v\u00e1rias origens. Quer precise de um designer gr\u00e1fico, de um programador Web, de um redator de conte\u00fados ou de um especialista em marketing, encontrar\u00e1 a combina\u00e7\u00e3o perfeita para o seu projeto.<\/p><p>2. Colabora\u00e7\u00e3o sem falhas<br \/>Fornecemos ferramentas que facilitam a comunica\u00e7\u00e3o entre freelancers e clientes, a partilha de ficheiros e o acompanhamento do progresso. A nossa interface de f\u00e1cil utiliza\u00e7\u00e3o garante um fluxo de trabalho tranquilo, para que se possa concentrar no que \u00e9 mais importante: o seu projeto.<\/p><p>3. Pagamentos seguros<br \/>As suas transac\u00e7\u00f5es est\u00e3o seguras connosco. A plataforma Adabanda oferece op\u00e7\u00f5es de pagamento seguras, garantindo que os freelancers s\u00e3o pagos a tempo e os clientes recebem o trabalho de qualidade que esperam.<\/p><p>4. Coment\u00e1rios e classifica\u00e7\u00f5es transparentes<br \/>Tome decis\u00f5es informadas verificando as avalia\u00e7\u00f5es e classifica\u00e7\u00f5es dos freelancers. O nosso sistema transparente ajuda-o a escolher o profissional certo para as suas necessidades, com base no feedback de clientes anteriores.<\/p>\t\t\t\t\t\t<\/div>\n\t\t\t\t<\/div>\n\t\t\t\t<div class=\"elementor-element elementor-element-66d3d89 elementor-widget elementor-widget-spacer\" data-id=\"66d3d89\" data-element_type=\"widget\" data-widget_type=\"spacer.default\">\n\t\t\t\t<div class=\"elementor-widget-container\">\n\t\t\t\t\t<div class=\"elementor-spacer\">\n\t\t\t<div class=\"elementor-spacer-inner\"><\/div>\n\t\t<\/div>\n\t\t\t\t<\/div>\n\t\t\t\t<\/div>\n\t\t\t\t<div class=\"elementor-element elementor-element-bddd458 elementor-widget elementor-widget-button\" data-id=\"bddd458\" data-element_type=\"widget\" data-widget_type=\"button.default\">\n\t\t\t\t<div class=\"elementor-widget-container\">\n\t\t\t\t\t\t\t<div class=\"elementor-button-wrapper\">\n\t\t\t\t\t<a class=\"elementor-button elementor-button-link elementor-size-sm\" href=\"https:\/\/aplataformadabanda.com\/pt\/register\/\">\n\t\t\t\t\t\t<span class=\"elementor-button-content-wrapper\">\n\t\t\t\t\t\t<span class=\"elementor-button-icon\">\n\t\t\t\t\t\t\t<\/span>\n\t\t\t\t\t\t\t\t\t<span class=\"elementor-button-text\">Registar agora<\/span>\n\t\t\t\t\t<\/span>\n\t\t\t\t\t<\/a>\n\t\t\t\t<\/div>\n\t\t\t\t\t\t<\/div>\n\t\t\t\t<\/div>\n\t\t\t\t\t<\/div>\n\t\t<\/div>\n\t\t\t\t<div class=\"elementor-column elementor-col-50 elementor-top-column elementor-element elementor-element-9c2bfa7\" data-id=\"9c2bfa7\" data-element_type=\"column\">\n\t\t\t<div class=\"elementor-widget-wrap elementor-element-populated\">\n\t\t\t\t\t\t<div class=\"elementor-element elementor-element-460c112 elementor-invisible elementor-widget elementor-widget-image\" data-id=\"460c112\" data-element_type=\"widget\" data-settings=\"{&quot;_animation&quot;:&quot;fadeInUp&quot;}\" data-widget_type=\"image.default\">\n\t\t\t\t<div class=\"elementor-widget-container\">\n\t\t\t\t\t\t\t\t\t\t\t\t\t<img fetchpriority=\"high\" decoding=\"async\" width=\"1707\" height=\"2560\" src=\"https:\/\/aplataformadabanda.com\/wp-content\/uploads\/2024\/08\/group-multiracial-students-using-with-laptop-filtered-warm-toned-image-min-scaled.jpg\" class=\"attachment-full size-full wp-image-10318\" alt=\"\" srcset=\"https:\/\/aplataformadabanda.com\/wp-content\/uploads\/2024\/08\/group-multiracial-students-using-with-laptop-filtered-warm-toned-image-min-scaled.jpg 1707w, https:\/\/aplataformadabanda.com\/wp-content\/uploads\/2024\/08\/group-multiracial-students-using-with-laptop-filtered-warm-toned-image-min-200x300.jpg 200w, https:\/\/aplataformadabanda.com\/wp-content\/uploads\/2024\/08\/group-multiracial-students-using-with-laptop-filtered-warm-toned-image-min-683x1024.jpg 683w, https:\/\/aplataformadabanda.com\/wp-content\/uploads\/2024\/08\/group-multiracial-students-using-with-laptop-filtered-warm-toned-image-min-768x1152.jpg 768w, https:\/\/aplataformadabanda.com\/wp-content\/uploads\/2024\/08\/group-multiracial-students-using-with-laptop-filtered-warm-toned-image-min-1024x1536.jpg 1024w, https:\/\/aplataformadabanda.com\/wp-content\/uploads\/2024\/08\/group-multiracial-students-using-with-laptop-filtered-warm-toned-image-min-1365x2048.jpg 1365w, https:\/\/aplataformadabanda.com\/wp-content\/uploads\/2024\/08\/group-multiracial-students-using-with-laptop-filtered-warm-toned-image-min-600x900.jpg 600w\" sizes=\"(max-width: 1707px) 100vw, 1707px\" \/>\t\t\t\t\t\t\t\t\t\t\t\t\t<\/div>\n\t\t\t\t<\/div>\n\t\t\t\t\t<\/div>\n\t\t<\/div>\n\t\t\t\t\t<\/div>\n\t\t<\/section>\n\t\t\t\t<section class=\"elementor-section elementor-top-section elementor-element elementor-element-693a8d7 elementor-section-content-middle elementor-section-stretched elementor-section-boxed elementor-section-height-default elementor-section-height-default\" data-id=\"693a8d7\" data-element_type=\"section\" data-settings=\"{&quot;stretch_section&quot;:&quot;section-stretched&quot;,&quot;background_background&quot;:&quot;classic&quot;}\">\n\t\t\t\t\t\t<div class=\"elementor-container elementor-column-gap-extended\">\n\t\t\t\t\t<div class=\"elementor-column elementor-col-50 elementor-top-column elementor-element elementor-element-dac9b9b elementor-hidden-tablet elementor-hidden-mobile\" data-id=\"dac9b9b\" data-element_type=\"column\">\n\t\t\t<div class=\"elementor-widget-wrap elementor-element-populated\">\n\t\t\t\t\t\t<div class=\"elementor-element elementor-element-ad54b1a elementor-invisible elementor-widget elementor-widget-image\" data-id=\"ad54b1a\" data-element_type=\"widget\" data-settings=\"{&quot;_animation&quot;:&quot;scale&quot;}\" data-widget_type=\"image.default\">\n\t\t\t\t<div class=\"elementor-widget-container\">\n\t\t\t\t\t\t\t\t\t\t\t\t\t<img decoding=\"async\" src=\"https:\/\/demoapus1.com\/freeio\/wp-content\/uploads\/2022\/09\/h34.png\" title=\"\" alt=\"\" loading=\"lazy\" \/>\t\t\t\t\t\t\t\t\t\t\t\t\t<\/div>\n\t\t\t\t<\/div>\n\t\t\t\t\t<\/div>\n\t\t<\/div>\n\t\t\t\t<div class=\"elementor-column elementor-col-50 elementor-top-column elementor-element elementor-element-6bb5a25 elementor-invisible\" data-id=\"6bb5a25\" data-element_type=\"column\" data-settings=\"{&quot;animation&quot;:&quot;slide-up&quot;,&quot;animation_delay&quot;:200}\">\n\t\t\t<div class=\"elementor-widget-wrap elementor-element-populated\">\n\t\t\t\t\t\t<div class=\"elementor-element elementor-element-d35e8f5 elementor-widget__width-initial elementor-widget elementor-widget-heading\" data-id=\"d35e8f5\" data-element_type=\"widget\" data-widget_type=\"heading.default\">\n\t\t\t\t<div class=\"elementor-widget-container\">\n\t\t\t<h2 class=\"elementor-heading-title elementor-size-default\">A confian\u00e7a dos melhores<br>\nFreelancers<\/h2>\t\t<\/div>\n\t\t\t\t<\/div>\n\t\t\t\t<div class=\"elementor-element elementor-element-7fed3af elementor-widget__width-initial elementor-widget elementor-widget-text-editor\" data-id=\"7fed3af\" data-element_type=\"widget\" data-widget_type=\"text-editor.default\">\n\t\t\t\t<div class=\"elementor-widget-container\">\n\t\t\t\t\t\t\t<p>Quer seja um freelancer \u00e0 procura de projectos interessantes ou uma empresa \u00e0 procura de talentos de topo, a plataforma Adabanda \u00e9 o lugar certo para si. Registe-se hoje e fa\u00e7a parte de uma comunidade pr\u00f3spera onde a criatividade e a inova\u00e7\u00e3o ganham vida.<\/p>\t\t\t\t\t\t<\/div>\n\t\t\t\t<\/div>\n\t\t\t\t\t<\/div>\n\t\t<\/div>\n\t\t\t\t\t<\/div>\n\t\t<\/section>\n\t\t\t\t<\/div>","protected":false},"excerpt":{"rendered":"<p>Sobre n\u00f3s Potencie os seus projectos com os melhores freelancers Porqu\u00ea escolher uma plataforma Adabanda? 1. Diversidade de TalentosA nossa plataforma acolhe um vasto leque de profissionais qualificados de v\u00e1rias origens. Quer precise de um designer gr\u00e1fico, programador web, escritor de conte\u00fados ou especialista em marketing, encontrar\u00e1 a combina\u00e7\u00e3o perfeita para o seu projeto. 2. Colabora\u00e7\u00e3o cont\u00ednuaN\u00f3s [...]<\/p>","protected":false},"author":1,"featured_media":0,"parent":0,"menu_order":0,"comment_status":"closed","ping_status":"closed","template":"","meta":{"footnotes":""},"class_list":["post-45","page","type-page","status-publish","hentry"],"_links":{"self":[{"href":"https:\/\/aplataformadabanda.com\/pt\/wp-json\/wp\/v2\/pages\/45","targetHints":{"allow":["GET"]}}],"collection":[{"href":"https:\/\/aplataformadabanda.com\/pt\/wp-json\/wp\/v2\/pages"}],"about":[{"href":"https:\/\/aplataformadabanda.com\/pt\/wp-json\/wp\/v2\/types\/page"}],"author":[{"embeddable":true,"href":"https:\/\/aplataformadabanda.com\/pt\/wp-json\/wp\/v2\/users\/1"}],"replies":[{"embeddable":true,"href":"https:\/\/aplataformadabanda.com\/pt\/wp-json\/wp\/v2\/comments?post=45"}],"version-history":[{"count":38,"href":"https:\/\/aplataformadabanda.com\/pt\/wp-json\/wp\/v2\/pages\/45\/revisions"}],"predecessor-version":[{"id":10591,"href":"https:\/\/aplataformadabanda.com\/pt\/wp-json\/wp\/v2\/pages\/45\/revisions\/10591"}],"wp:attachment":[{"href":"https:\/\/aplataformadabanda.com\/pt\/wp-json\/wp\/v2\/media?parent=45"}],"curies":[{"name":"wp","href":"https:\/\/api.w.org\/{rel}","templated":true}]}}